{"id":68,"date":"2022-06-30T15:44:17","date_gmt":"2022-06-30T13:44:17","guid":{"rendered":"http:\/\/dev.heolgwenn.com\/wp-demo\/?page_id=68"},"modified":"2022-08-18T10:41:31","modified_gmt":"2022-08-18T08:41:31","slug":"mentions-legales","status":"publish","type":"page","link":"https:\/\/dev.heolgwenn.com\/wp-demo\/now\/mentions-legales\/","title":{"rendered":"Mentions l\u00e9gales"},"content":{"rendered":"\n<div class=\"wp-block-columns is-layout-flex wp-container-core-columns-is-layout-9d6595d7 wp-block-columns-is-layout-flex\">\n<div class=\"wp-block-column is-layout-flow wp-block-column-is-layout-flow\">\n<h2 class=\"has-text-color wp-block-heading\" style=\"color:#056c00;text-transform:uppercase\">la Bretagne c\u00f4t\u00e9 pile<\/h2>\n\n\n\n<p>Martinus agens illas provincias pro praefectis aerumnas innocentium graviter gemens saepe-que obsecrans, ut ab omni culpa inmunibus parceretur, cum non inpetraret, minabatur se discessurum: ut saltem id metuens perquisitor<br>malivolus tandem desineret quieti coalitos homines in aperta pericula proiectare.<\/p>\n<\/div>\n\n\n\n<div class=\"wp-block-column is-layout-flow wp-block-column-is-layout-flow\"><figure class=\"wp-block-post-featured-image wp-duotone-000000-00a5ff-1\"><img loading=\"lazy\" decoding=\"async\" width=\"1600\" height=\"1067\" src=\"https:\/\/dev.heolgwenn.com\/wp-demo\/wp-content\/uploads\/2022\/06\/Toucan.jpg\" class=\"attachment-post-thumbnail size-post-thumbnail wp-post-image\" alt=\"\" style=\"object-fit:cover;\" srcset=\"https:\/\/dev.heolgwenn.com\/wp-demo\/wp-content\/uploads\/2022\/06\/Toucan.jpg 1600w, https:\/\/dev.heolgwenn.com\/wp-demo\/wp-content\/uploads\/2022\/06\/Toucan-600x400.jpg 600w, https:\/\/dev.heolgwenn.com\/wp-demo\/wp-content\/uploads\/2022\/06\/Toucan-300x200.jpg 300w, https:\/\/dev.heolgwenn.com\/wp-demo\/wp-content\/uploads\/2022\/06\/Toucan-1024x683.jpg 1024w, https:\/\/dev.heolgwenn.com\/wp-demo\/wp-content\/uploads\/2022\/06\/Toucan-768x512.jpg 768w, https:\/\/dev.heolgwenn.com\/wp-demo\/wp-content\/uploads\/2022\/06\/Toucan-1536x1024.jpg 1536w, https:\/\/dev.heolgwenn.com\/wp-demo\/wp-content\/uploads\/2022\/06\/Toucan-400x267.jpg 400w, https:\/\/dev.heolgwenn.com\/wp-demo\/wp-content\/uploads\/2022\/06\/Toucan-800x534.jpg 800w\" sizes=\"auto, (max-width: 1600px) 100vw, 1600px\" \/><\/figure><\/div>\n<\/div>\n","protected":false},"excerpt":{"rendered":"<p>la Bretagne c\u00f4t\u00e9 pile Martinus agens illas provincias pro praefectis aerumnas innocentium graviter gemens saepe-que obsecrans, ut ab omni culpa inmunibus parceretur, cum non inpetraret, minabatur se discessurum: ut saltem id metuens perquisitormalivolus tandem desineret quieti coalitos homines in aperta pericula proiectare.<\/p>\n","protected":false},"author":1,"featured_media":30,"parent":70,"menu_order":1,"comment_status":"closed","ping_status":"closed","template":"","meta":{"footnotes":""},"class_list":["post-68","page","type-page","status-publish","has-post-thumbnail"],"yoast_head":"<!-- This site is optimized with the Yoast SEO plugin v26.5 - https:\/\/yoast.com\/wordpress\/plugins\/seo\/ -->\n<title>Mentions l\u00e9gales - Espace de dev - Heol gwenn<\/title>\n<meta name=\"robots\" content=\"noindex, follow, max-snippet:-1, max-image-preview:large, max-video-preview:-1\" \/>\n<meta property=\"og:locale\" content=\"fr_FR\" \/>\n<meta property=\"og:type\" content=\"article\" \/>\n<meta property=\"og:title\" content=\"Mentions l\u00e9gales - Espace de dev - Heol gwenn\" \/>\n<meta property=\"og:description\" content=\"la Bretagne c\u00f4t\u00e9 pile Martinus agens illas provincias pro praefectis aerumnas innocentium graviter gemens saepe-que obsecrans, ut ab omni culpa inmunibus parceretur, cum non inpetraret, minabatur se discessurum: ut saltem id metuens perquisitormalivolus tandem desineret quieti coalitos homines in aperta pericula proiectare.\" \/>\n<meta property=\"og:url\" content=\"https:\/\/dev.heolgwenn.com\/wp-demo\/now\/mentions-legales\/\" \/>\n<meta property=\"og:site_name\" content=\"Espace de dev - Heol gwenn\" \/>\n<meta property=\"article:modified_time\" content=\"2022-08-18T08:41:31+00:00\" \/>\n<meta property=\"og:image\" content=\"https:\/\/dev.heolgwenn.com\/wp-demo\/wp-content\/uploads\/2022\/06\/Toucan.jpg\" \/>\n\t<meta property=\"og:image:width\" content=\"1600\" \/>\n\t<meta property=\"og:image:height\" content=\"1067\" \/>\n\t<meta property=\"og:image:type\" content=\"image\/jpeg\" \/>\n<meta name=\"twitter:card\" content=\"summary_large_image\" \/>\n<script type=\"application\/ld+json\" class=\"yoast-schema-graph\">{\"@context\":\"https:\/\/schema.org\",\"@graph\":[{\"@type\":\"WebPage\",\"@id\":\"https:\/\/dev.heolgwenn.com\/wp-demo\/now\/mentions-legales\/\",\"url\":\"https:\/\/dev.heolgwenn.com\/wp-demo\/now\/mentions-legales\/\",\"name\":\"Mentions l\u00e9gales - Espace de dev - Heol gwenn\",\"isPartOf\":{\"@id\":\"https:\/\/dev.heolgwenn.com\/wp-demo\/#website\"},\"primaryImageOfPage\":{\"@id\":\"https:\/\/dev.heolgwenn.com\/wp-demo\/now\/mentions-legales\/#primaryimage\"},\"image\":{\"@id\":\"https:\/\/dev.heolgwenn.com\/wp-demo\/now\/mentions-legales\/#primaryimage\"},\"thumbnailUrl\":\"https:\/\/dev.heolgwenn.com\/wp-demo\/wp-content\/uploads\/2022\/06\/Toucan.jpg\",\"datePublished\":\"2022-06-30T13:44:17+00:00\",\"dateModified\":\"2022-08-18T08:41:31+00:00\",\"breadcrumb\":{\"@id\":\"https:\/\/dev.heolgwenn.com\/wp-demo\/now\/mentions-legales\/#breadcrumb\"},\"inLanguage\":\"fr-FR\",\"potentialAction\":[{\"@type\":\"ReadAction\",\"target\":[\"https:\/\/dev.heolgwenn.com\/wp-demo\/now\/mentions-legales\/\"]}]},{\"@type\":\"ImageObject\",\"inLanguage\":\"fr-FR\",\"@id\":\"https:\/\/dev.heolgwenn.com\/wp-demo\/now\/mentions-legales\/#primaryimage\",\"url\":\"https:\/\/dev.heolgwenn.com\/wp-demo\/wp-content\/uploads\/2022\/06\/Toucan.jpg\",\"contentUrl\":\"https:\/\/dev.heolgwenn.com\/wp-demo\/wp-content\/uploads\/2022\/06\/Toucan.jpg\",\"width\":1600,\"height\":1067,\"caption\":\"Toucan tout en couleurs !\"},{\"@type\":\"BreadcrumbList\",\"@id\":\"https:\/\/dev.heolgwenn.com\/wp-demo\/now\/mentions-legales\/#breadcrumb\",\"itemListElement\":[{\"@type\":\"ListItem\",\"position\":1,\"name\":\"Accueil\",\"item\":\"https:\/\/dev.heolgwenn.com\/wp-demo\/\"},{\"@type\":\"ListItem\",\"position\":2,\"name\":\"\u00c0 propos\",\"item\":\"https:\/\/dev.heolgwenn.com\/wp-demo\/now\/\"},{\"@type\":\"ListItem\",\"position\":3,\"name\":\"Mentions l\u00e9gales\"}]},{\"@type\":\"WebSite\",\"@id\":\"https:\/\/dev.heolgwenn.com\/wp-demo\/#website\",\"url\":\"https:\/\/dev.heolgwenn.com\/wp-demo\/\",\"name\":\"Espace de dev - Heol gwenn\",\"description\":\"Bac \u00e0 sable Wordpress &amp; d\u00e9veloppement web\",\"potentialAction\":[{\"@type\":\"SearchAction\",\"target\":{\"@type\":\"EntryPoint\",\"urlTemplate\":\"https:\/\/dev.heolgwenn.com\/wp-demo\/?s={search_term_string}\"},\"query-input\":{\"@type\":\"PropertyValueSpecification\",\"valueRequired\":true,\"valueName\":\"search_term_string\"}}],\"inLanguage\":\"fr-FR\"}]}<\/script>\n<!-- \/ Yoast SEO plugin. -->","yoast_head_json":{"title":"Mentions l\u00e9gales - Espace de dev - Heol gwenn","robots":{"index":"noindex","follow":"follow","max-snippet":"max-snippet:-1","max-image-preview":"max-image-preview:large","max-video-preview":"max-video-preview:-1"},"og_locale":"fr_FR","og_type":"article","og_title":"Mentions l\u00e9gales - Espace de dev - Heol gwenn","og_description":"la Bretagne c\u00f4t\u00e9 pile Martinus agens illas provincias pro praefectis aerumnas innocentium graviter gemens saepe-que obsecrans, ut ab omni culpa inmunibus parceretur, cum non inpetraret, minabatur se discessurum: ut saltem id metuens perquisitormalivolus tandem desineret quieti coalitos homines in aperta pericula proiectare.","og_url":"https:\/\/dev.heolgwenn.com\/wp-demo\/now\/mentions-legales\/","og_site_name":"Espace de dev - Heol gwenn","article_modified_time":"2022-08-18T08:41:31+00:00","og_image":[{"width":1600,"height":1067,"url":"https:\/\/dev.heolgwenn.com\/wp-demo\/wp-content\/uploads\/2022\/06\/Toucan.jpg","type":"image\/jpeg"}],"twitter_card":"summary_large_image","schema":{"@context":"https:\/\/schema.org","@graph":[{"@type":"WebPage","@id":"https:\/\/dev.heolgwenn.com\/wp-demo\/now\/mentions-legales\/","url":"https:\/\/dev.heolgwenn.com\/wp-demo\/now\/mentions-legales\/","name":"Mentions l\u00e9gales - Espace de dev - Heol gwenn","isPartOf":{"@id":"https:\/\/dev.heolgwenn.com\/wp-demo\/#website"},"primaryImageOfPage":{"@id":"https:\/\/dev.heolgwenn.com\/wp-demo\/now\/mentions-legales\/#primaryimage"},"image":{"@id":"https:\/\/dev.heolgwenn.com\/wp-demo\/now\/mentions-legales\/#primaryimage"},"thumbnailUrl":"https:\/\/dev.heolgwenn.com\/wp-demo\/wp-content\/uploads\/2022\/06\/Toucan.jpg","datePublished":"2022-06-30T13:44:17+00:00","dateModified":"2022-08-18T08:41:31+00:00","breadcrumb":{"@id":"https:\/\/dev.heolgwenn.com\/wp-demo\/now\/mentions-legales\/#breadcrumb"},"inLanguage":"fr-FR","potentialAction":[{"@type":"ReadAction","target":["https:\/\/dev.heolgwenn.com\/wp-demo\/now\/mentions-legales\/"]}]},{"@type":"ImageObject","inLanguage":"fr-FR","@id":"https:\/\/dev.heolgwenn.com\/wp-demo\/now\/mentions-legales\/#primaryimage","url":"https:\/\/dev.heolgwenn.com\/wp-demo\/wp-content\/uploads\/2022\/06\/Toucan.jpg","contentUrl":"https:\/\/dev.heolgwenn.com\/wp-demo\/wp-content\/uploads\/2022\/06\/Toucan.jpg","width":1600,"height":1067,"caption":"Toucan tout en couleurs !"},{"@type":"BreadcrumbList","@id":"https:\/\/dev.heolgwenn.com\/wp-demo\/now\/mentions-legales\/#breadcrumb","itemListElement":[{"@type":"ListItem","position":1,"name":"Accueil","item":"https:\/\/dev.heolgwenn.com\/wp-demo\/"},{"@type":"ListItem","position":2,"name":"\u00c0 propos","item":"https:\/\/dev.heolgwenn.com\/wp-demo\/now\/"},{"@type":"ListItem","position":3,"name":"Mentions l\u00e9gales"}]},{"@type":"WebSite","@id":"https:\/\/dev.heolgwenn.com\/wp-demo\/#website","url":"https:\/\/dev.heolgwenn.com\/wp-demo\/","name":"Espace de dev - Heol gwenn","description":"Bac \u00e0 sable Wordpress &amp; d\u00e9veloppement web","potentialAction":[{"@type":"SearchAction","target":{"@type":"EntryPoint","urlTemplate":"https:\/\/dev.heolgwenn.com\/wp-demo\/?s={search_term_string}"},"query-input":{"@type":"PropertyValueSpecification","valueRequired":true,"valueName":"search_term_string"}}],"inLanguage":"fr-FR"}]}},"_links":{"self":[{"href":"https:\/\/dev.heolgwenn.com\/wp-demo\/wp-json\/wp\/v2\/pages\/68","targetHints":{"allow":["GET"]}}],"collection":[{"href":"https:\/\/dev.heolgwenn.com\/wp-demo\/wp-json\/wp\/v2\/pages"}],"about":[{"href":"https:\/\/dev.heolgwenn.com\/wp-demo\/wp-json\/wp\/v2\/types\/page"}],"author":[{"embeddable":true,"href":"https:\/\/dev.heolgwenn.com\/wp-demo\/wp-json\/wp\/v2\/users\/1"}],"replies":[{"embeddable":true,"href":"https:\/\/dev.heolgwenn.com\/wp-demo\/wp-json\/wp\/v2\/comments?post=68"}],"version-history":[{"count":0,"href":"https:\/\/dev.heolgwenn.com\/wp-demo\/wp-json\/wp\/v2\/pages\/68\/revisions"}],"up":[{"embeddable":true,"href":"https:\/\/dev.heolgwenn.com\/wp-demo\/wp-json\/wp\/v2\/pages\/70"}],"wp:featuredmedia":[{"embeddable":true,"href":"https:\/\/dev.heolgwenn.com\/wp-demo\/wp-json\/wp\/v2\/media\/30"}],"wp:attachment":[{"href":"https:\/\/dev.heolgwenn.com\/wp-demo\/wp-json\/wp\/v2\/media?parent=68"}],"curies":[{"name":"wp","href":"https:\/\/api.w.org\/{rel}","templated":true}]}}